{"id":3238,"date":"2024-05-22T13:53:37","date_gmt":"2024-05-22T11:53:37","guid":{"rendered":"https:\/\/www.atelierbynan.be\/?post_type=product&#038;p=3238"},"modified":"2024-05-22T17:48:02","modified_gmt":"2024-05-22T15:48:02","slug":"gehaakte-oorbel","status":"publish","type":"product","link":"https:\/\/www.atelierbynan.be\/nl\/produit\/gehaakte-oorbel\/","title":{"rendered":"Gehaakte oorbel"},"content":{"rendered":"<p>Voeg een vleugje elegantie toe aan je juwelen collectie met onze prachtige gehaakte creoolse oorbellen met een delicaat patroon. Elk paar is zorgvuldig met de hand gemaakt, wat het een uniek en authentiek stuk maakt.<\/p>\n<p>Aangezien ze gemaakt zijn van zacht en licht katoengaren, zijn deze oorbellen de hele dag comfortabel te dragen.<\/p>\n<p>Onze oorbellen zijn verkrijgbaar in verschillende kleuren om aan alle stijlen en voorkeuren te voldoen.<\/p>\n<p>&nbsp;<\/p>\n","protected":false},"excerpt":{"rendered":"<p>Gehaakte creoolse oorbellen met een delicaat patroon.<\/p>\n<p>Diameter : 40 mm<\/p>\n","protected":false},"featured_media":3219,"template":"","meta":[],"product_brand":[],"product_cat":[1346,237],"product_tag":[],"class_list":{"0":"post-3238","1":"product","2":"type-product","3":"status-publish","4":"has-post-thumbnail","6":"product_cat-juwelen","7":"product_cat-divers-nl","8":"latest_post","10":"first","11":"instock","12":"shipping-taxable","13":"purchasable","14":"product-type-variable"},"yoast_head":"<!-- This site is optimized with the Yoast SEO plugin v26.3 - https:\/\/yoast.com\/wordpress\/plugins\/seo\/ -->\n<title>Gehaakte oorbel - 15 \u20ac - Atelier by Nan<\/title>\n<meta name=\"description\" content=\"Vous \u00eates \u00e0 la recherche d&#039;un cadeau id\u00e9al ? Gehaakte oorbel de Atelier by Nan est la solution id\u00e9ale. Cliquez ici pour en savoir plus.\" \/>\n<meta name=\"robots\" content=\"index, follow, max-snippet:-1, max-image-preview:large, max-video-preview:-1\" \/>\n<link rel=\"canonical\" href=\"https:\/\/www.atelierbynan.be\/nl\/produit\/gehaakte-oorbel\/\" \/>\n<meta property=\"og:locale\" content=\"nl_NL\" \/>\n<meta property=\"og:type\" content=\"article\" \/>\n<meta property=\"og:title\" content=\"Gehaakte oorbel - 15 \u20ac - Atelier by Nan\" \/>\n<meta property=\"og:description\" content=\"Vous \u00eates \u00e0 la recherche d&#039;un cadeau id\u00e9al ? Gehaakte oorbel de Atelier by Nan est la solution id\u00e9ale. Cliquez ici pour en savoir plus.\" \/>\n<meta property=\"og:url\" content=\"https:\/\/www.atelierbynan.be\/nl\/produit\/gehaakte-oorbel\/\" \/>\n<meta property=\"og:site_name\" content=\"Atelier by Nan\" \/>\n<meta property=\"article:publisher\" content=\"https:\/\/www.facebook.com\/profile.php?id=100086222312137\" \/>\n<meta property=\"article:modified_time\" content=\"2024-05-22T15:48:02+00:00\" \/>\n<meta property=\"og:image\" content=\"https:\/\/www.atelierbynan.be\/wp-content\/uploads\/2024\/05\/img_0382-scaled.jpeg\" \/>\n\t<meta property=\"og:image:width\" content=\"2560\" \/>\n\t<meta property=\"og:image:height\" content=\"2560\" \/>\n\t<meta property=\"og:image:type\" content=\"image\/jpeg\" \/>\n<meta name=\"twitter:card\" content=\"summary_large_image\" \/>\n<meta name=\"twitter:label1\" content=\"Geschatte leestijd\" \/>\n\t<meta name=\"twitter:data1\" content=\"1 minuut\" \/>\n<script type=\"application\/ld+json\" class=\"yoast-schema-graph\">{\"@context\":\"https:\/\/schema.org\",\"@graph\":[{\"@type\":\"WebPage\",\"@id\":\"https:\/\/www.atelierbynan.be\/nl\/produit\/gehaakte-oorbel\/\",\"url\":\"https:\/\/www.atelierbynan.be\/nl\/produit\/gehaakte-oorbel\/\",\"name\":\"Gehaakte oorbel - 15 \u20ac - Atelier by Nan\",\"isPartOf\":{\"@id\":\"https:\/\/www.atelierbynan.be\/nl\/#website\"},\"primaryImageOfPage\":{\"@id\":\"https:\/\/www.atelierbynan.be\/nl\/produit\/gehaakte-oorbel\/#primaryimage\"},\"image\":{\"@id\":\"https:\/\/www.atelierbynan.be\/nl\/produit\/gehaakte-oorbel\/#primaryimage\"},\"thumbnailUrl\":\"https:\/\/www.atelierbynan.be\/wp-content\/uploads\/2024\/05\/img_0382-scaled.jpeg\",\"datePublished\":\"2024-05-22T11:53:37+00:00\",\"dateModified\":\"2024-05-22T15:48:02+00:00\",\"description\":\"Vous \u00eates \u00e0 la recherche d'un cadeau id\u00e9al ? Gehaakte oorbel de Atelier by Nan est la solution id\u00e9ale. Cliquez ici pour en savoir plus.\",\"breadcrumb\":{\"@id\":\"https:\/\/www.atelierbynan.be\/nl\/produit\/gehaakte-oorbel\/#breadcrumb\"},\"inLanguage\":\"nl-NL\",\"potentialAction\":[{\"@type\":\"ReadAction\",\"target\":[\"https:\/\/www.atelierbynan.be\/nl\/produit\/gehaakte-oorbel\/\"]}]},{\"@type\":\"ImageObject\",\"inLanguage\":\"nl-NL\",\"@id\":\"https:\/\/www.atelierbynan.be\/nl\/produit\/gehaakte-oorbel\/#primaryimage\",\"url\":\"https:\/\/www.atelierbynan.be\/wp-content\/uploads\/2024\/05\/img_0382-scaled.jpeg\",\"contentUrl\":\"https:\/\/www.atelierbynan.be\/wp-content\/uploads\/2024\/05\/img_0382-scaled.jpeg\",\"width\":2560,\"height\":2560},{\"@type\":\"BreadcrumbList\",\"@id\":\"https:\/\/www.atelierbynan.be\/nl\/produit\/gehaakte-oorbel\/#breadcrumb\",\"itemListElement\":[{\"@type\":\"ListItem\",\"position\":1,\"name\":\"Accueil\",\"item\":\"https:\/\/www.atelierbynan.be\/nl\/home-2\/\"},{\"@type\":\"ListItem\",\"position\":2,\"name\":\"Mijn Winkel\",\"item\":\"https:\/\/www.atelierbynan.be\/nl\/mijn-winkel\/\"},{\"@type\":\"ListItem\",\"position\":3,\"name\":\"Gehaakte oorbel\"}]},{\"@type\":\"WebSite\",\"@id\":\"https:\/\/www.atelierbynan.be\/nl\/#website\",\"url\":\"https:\/\/www.atelierbynan.be\/nl\/\",\"name\":\"Atelier by Nan\",\"description\":\"\",\"publisher\":{\"@id\":\"https:\/\/www.atelierbynan.be\/nl\/#organization\"},\"potentialAction\":[{\"@type\":\"SearchAction\",\"target\":{\"@type\":\"EntryPoint\",\"urlTemplate\":\"https:\/\/www.atelierbynan.be\/nl\/?s={search_term_string}\"},\"query-input\":{\"@type\":\"PropertyValueSpecification\",\"valueRequired\":true,\"valueName\":\"search_term_string\"}}],\"inLanguage\":\"nl-NL\"},{\"@type\":\"Organization\",\"@id\":\"https:\/\/www.atelierbynan.be\/nl\/#organization\",\"name\":\"Atelier by Nan\",\"url\":\"https:\/\/www.atelierbynan.be\/nl\/\",\"logo\":{\"@type\":\"ImageObject\",\"inLanguage\":\"nl-NL\",\"@id\":\"https:\/\/www.atelierbynan.be\/nl\/#\/schema\/logo\/image\/\",\"url\":\"https:\/\/www.atelierbynan.be\/wp-content\/uploads\/2022\/09\/C3BDD808-9CEE-4F35-8FEA-D4A82DF362F7.jpg\",\"contentUrl\":\"https:\/\/www.atelierbynan.be\/wp-content\/uploads\/2022\/09\/C3BDD808-9CEE-4F35-8FEA-D4A82DF362F7.jpg\",\"width\":2048,\"height\":2048,\"caption\":\"Atelier by Nan\"},\"image\":{\"@id\":\"https:\/\/www.atelierbynan.be\/nl\/#\/schema\/logo\/image\/\"},\"sameAs\":[\"https:\/\/www.facebook.com\/profile.php?id=100086222312137\"]}]}<\/script>\n<!-- \/ Yoast SEO plugin. -->","yoast_head_json":{"title":"Gehaakte oorbel - 15 \u20ac - Atelier by Nan","description":"Vous \u00eates \u00e0 la recherche d'un cadeau id\u00e9al ? Gehaakte oorbel de Atelier by Nan est la solution id\u00e9ale. Cliquez ici pour en savoir plus.","robots":{"index":"index","follow":"follow","max-snippet":"max-snippet:-1","max-image-preview":"max-image-preview:large","max-video-preview":"max-video-preview:-1"},"canonical":"https:\/\/www.atelierbynan.be\/nl\/produit\/gehaakte-oorbel\/","og_locale":"nl_NL","og_type":"article","og_title":"Gehaakte oorbel - 15 \u20ac - Atelier by Nan","og_description":"Vous \u00eates \u00e0 la recherche d'un cadeau id\u00e9al ? Gehaakte oorbel de Atelier by Nan est la solution id\u00e9ale. Cliquez ici pour en savoir plus.","og_url":"https:\/\/www.atelierbynan.be\/nl\/produit\/gehaakte-oorbel\/","og_site_name":"Atelier by Nan","article_publisher":"https:\/\/www.facebook.com\/profile.php?id=100086222312137","article_modified_time":"2024-05-22T15:48:02+00:00","og_image":[{"width":2560,"height":2560,"url":"https:\/\/www.atelierbynan.be\/wp-content\/uploads\/2024\/05\/img_0382-scaled.jpeg","type":"image\/jpeg"}],"twitter_card":"summary_large_image","twitter_misc":{"Geschatte leestijd":"1 minuut"},"schema":{"@context":"https:\/\/schema.org","@graph":[{"@type":"WebPage","@id":"https:\/\/www.atelierbynan.be\/nl\/produit\/gehaakte-oorbel\/","url":"https:\/\/www.atelierbynan.be\/nl\/produit\/gehaakte-oorbel\/","name":"Gehaakte oorbel - 15 \u20ac - Atelier by Nan","isPartOf":{"@id":"https:\/\/www.atelierbynan.be\/nl\/#website"},"primaryImageOfPage":{"@id":"https:\/\/www.atelierbynan.be\/nl\/produit\/gehaakte-oorbel\/#primaryimage"},"image":{"@id":"https:\/\/www.atelierbynan.be\/nl\/produit\/gehaakte-oorbel\/#primaryimage"},"thumbnailUrl":"https:\/\/www.atelierbynan.be\/wp-content\/uploads\/2024\/05\/img_0382-scaled.jpeg","datePublished":"2024-05-22T11:53:37+00:00","dateModified":"2024-05-22T15:48:02+00:00","description":"Vous \u00eates \u00e0 la recherche d'un cadeau id\u00e9al ? Gehaakte oorbel de Atelier by Nan est la solution id\u00e9ale. Cliquez ici pour en savoir plus.","breadcrumb":{"@id":"https:\/\/www.atelierbynan.be\/nl\/produit\/gehaakte-oorbel\/#breadcrumb"},"inLanguage":"nl-NL","potentialAction":[{"@type":"ReadAction","target":["https:\/\/www.atelierbynan.be\/nl\/produit\/gehaakte-oorbel\/"]}]},{"@type":"ImageObject","inLanguage":"nl-NL","@id":"https:\/\/www.atelierbynan.be\/nl\/produit\/gehaakte-oorbel\/#primaryimage","url":"https:\/\/www.atelierbynan.be\/wp-content\/uploads\/2024\/05\/img_0382-scaled.jpeg","contentUrl":"https:\/\/www.atelierbynan.be\/wp-content\/uploads\/2024\/05\/img_0382-scaled.jpeg","width":2560,"height":2560},{"@type":"BreadcrumbList","@id":"https:\/\/www.atelierbynan.be\/nl\/produit\/gehaakte-oorbel\/#breadcrumb","itemListElement":[{"@type":"ListItem","position":1,"name":"Accueil","item":"https:\/\/www.atelierbynan.be\/nl\/home-2\/"},{"@type":"ListItem","position":2,"name":"Mijn Winkel","item":"https:\/\/www.atelierbynan.be\/nl\/mijn-winkel\/"},{"@type":"ListItem","position":3,"name":"Gehaakte oorbel"}]},{"@type":"WebSite","@id":"https:\/\/www.atelierbynan.be\/nl\/#website","url":"https:\/\/www.atelierbynan.be\/nl\/","name":"Atelier by Nan","description":"","publisher":{"@id":"https:\/\/www.atelierbynan.be\/nl\/#organization"},"potentialAction":[{"@type":"SearchAction","target":{"@type":"EntryPoint","urlTemplate":"https:\/\/www.atelierbynan.be\/nl\/?s={search_term_string}"},"query-input":{"@type":"PropertyValueSpecification","valueRequired":true,"valueName":"search_term_string"}}],"inLanguage":"nl-NL"},{"@type":"Organization","@id":"https:\/\/www.atelierbynan.be\/nl\/#organization","name":"Atelier by Nan","url":"https:\/\/www.atelierbynan.be\/nl\/","logo":{"@type":"ImageObject","inLanguage":"nl-NL","@id":"https:\/\/www.atelierbynan.be\/nl\/#\/schema\/logo\/image\/","url":"https:\/\/www.atelierbynan.be\/wp-content\/uploads\/2022\/09\/C3BDD808-9CEE-4F35-8FEA-D4A82DF362F7.jpg","contentUrl":"https:\/\/www.atelierbynan.be\/wp-content\/uploads\/2022\/09\/C3BDD808-9CEE-4F35-8FEA-D4A82DF362F7.jpg","width":2048,"height":2048,"caption":"Atelier by Nan"},"image":{"@id":"https:\/\/www.atelierbynan.be\/nl\/#\/schema\/logo\/image\/"},"sameAs":["https:\/\/www.facebook.com\/profile.php?id=100086222312137"]}]}},"tiered_pricing_type":"fixed","tiered_pricing_fixed_rules":[],"tiered_pricing_product_settings":{"layout":"default","base_unit_name":{"singular":null,"plural":null},"default_variation":null},"tiered_pricing_minimum_quantity":null,"tiered_pricing_roles_data":[],"tiered_pricing_percentage_rules":[],"_links":{"self":[{"href":"https:\/\/www.atelierbynan.be\/nl\/wp-json\/wp\/v2\/product\/3238","targetHints":{"allow":["GET"]}}],"collection":[{"href":"https:\/\/www.atelierbynan.be\/nl\/wp-json\/wp\/v2\/product"}],"about":[{"href":"https:\/\/www.atelierbynan.be\/nl\/wp-json\/wp\/v2\/types\/product"}],"wp:featuredmedia":[{"embeddable":true,"href":"https:\/\/www.atelierbynan.be\/nl\/wp-json\/wp\/v2\/media\/3219"}],"wp:attachment":[{"href":"https:\/\/www.atelierbynan.be\/nl\/wp-json\/wp\/v2\/media?parent=3238"}],"wp:term":[{"taxonomy":"product_brand","embeddable":true,"href":"https:\/\/www.atelierbynan.be\/nl\/wp-json\/wp\/v2\/product_brand?post=3238"},{"taxonomy":"product_cat","embeddable":true,"href":"https:\/\/www.atelierbynan.be\/nl\/wp-json\/wp\/v2\/product_cat?post=3238"},{"taxonomy":"product_tag","embeddable":true,"href":"https:\/\/www.atelierbynan.be\/nl\/wp-json\/wp\/v2\/product_tag?post=3238"}],"curies":[{"name":"wp","href":"https:\/\/api.w.org\/{rel}","templated":true}]}}