{"id":3839,"date":"2026-04-05T12:38:52","date_gmt":"2026-04-05T10:38:52","guid":{"rendered":"https:\/\/www.atelierbynan.be\/?post_type=product&#038;p=3839"},"modified":"2026-04-05T12:38:52","modified_gmt":"2026-04-05T10:38:52","slug":"hondenleiband","status":"publish","type":"product","link":"https:\/\/www.atelierbynan.be\/nl\/produit\/hondenleiband\/","title":{"rendered":"Hondenleiband"},"content":{"rendered":"<p>Ontdek onze handgemaakte hondenleiband, gehaakt met oog voor stevigheid, comfort en esthetiek. Elk stuk wordt met zorg vervaardigd met kwaliteitsmaterialen om een goede duurzaamheid te garanderen en tegelijk prettig in de hand te liggen. <\/p>\n<p>De klassieke leiband met musketonhaak is ideaal voor dagelijks gebruik en eenvoudig te bevestigen en los te maken.<\/p>\n<p>Dankzij de gehaakte structuur biedt deze leiband een uitstekende grip en een lange levensduur, terwijl hij een ambachtelijke en elegante uitstraling geeft aan uw wandelingen met uw hond.<\/p>\n<p>Elke leiband wordt met passie gemaakt, wat het tot een uniek accessoire voor uw hond maakt.<\/p>\n<p><em>Andere kleuren en maten zijn beschikbaar op aanvraag \u2014 aarzel niet om contact met mij op te nemen voor een gepersonaliseerde creatie.<\/em><\/p>\n","protected":false},"excerpt":{"rendered":"<p>Hondenleiband met musketonhaak<br \/>Grootte : 120 cm<\/p>\n","protected":false},"featured_media":3847,"template":"","meta":[],"product_brand":[],"product_cat":[237,1393,1395],"product_tag":[],"class_list":{"0":"post-3839","1":"product","2":"type-product","3":"status-publish","4":"has-post-thumbnail","6":"product_cat-divers-nl","7":"product_cat-huisdier-nl","8":"product_cat-leiband-nl","9":"latest_post","11":"first","12":"instock","13":"shipping-taxable","14":"purchasable","15":"product-type-variable"},"yoast_head":"<!-- This site is optimized with the Yoast SEO plugin v26.3 - https:\/\/yoast.com\/wordpress\/plugins\/seo\/ -->\n<title>Hondenleiband - 38 \u20ac - Atelier by Nan<\/title>\n<meta name=\"description\" content=\"Vous \u00eates \u00e0 la recherche d&#039;un cadeau id\u00e9al ? Hondenleiband de Atelier by Nan est la solution id\u00e9ale. Cliquez ici pour en savoir plus.\" \/>\n<meta name=\"robots\" content=\"index, follow, max-snippet:-1, max-image-preview:large, max-video-preview:-1\" \/>\n<link rel=\"canonical\" href=\"https:\/\/www.atelierbynan.be\/nl\/produit\/hondenleiband\/\" \/>\n<meta property=\"og:locale\" content=\"nl_NL\" \/>\n<meta property=\"og:type\" content=\"article\" \/>\n<meta property=\"og:title\" content=\"Hondenleiband - 38 \u20ac - Atelier by Nan\" \/>\n<meta property=\"og:description\" content=\"Vous \u00eates \u00e0 la recherche d&#039;un cadeau id\u00e9al ? Hondenleiband de Atelier by Nan est la solution id\u00e9ale. Cliquez ici pour en savoir plus.\" \/>\n<meta property=\"og:url\" content=\"https:\/\/www.atelierbynan.be\/nl\/produit\/hondenleiband\/\" \/>\n<meta property=\"og:site_name\" content=\"Atelier by Nan\" \/>\n<meta property=\"article:publisher\" content=\"https:\/\/www.facebook.com\/profile.php?id=100086222312137\" \/>\n<meta property=\"og:image\" content=\"https:\/\/www.atelierbynan.be\/wp-content\/uploads\/2026\/04\/img_4923-scaled.jpeg\" \/>\n\t<meta property=\"og:image:width\" content=\"2560\" \/>\n\t<meta property=\"og:image:height\" content=\"2560\" \/>\n\t<meta property=\"og:image:type\" content=\"image\/jpeg\" \/>\n<meta name=\"twitter:card\" content=\"summary_large_image\" \/>\n<meta name=\"twitter:label1\" content=\"Geschatte leestijd\" \/>\n\t<meta name=\"twitter:data1\" content=\"1 minuut\" \/>\n<script type=\"application\/ld+json\" class=\"yoast-schema-graph\">{\"@context\":\"https:\/\/schema.org\",\"@graph\":[{\"@type\":\"WebPage\",\"@id\":\"https:\/\/www.atelierbynan.be\/nl\/produit\/hondenleiband\/\",\"url\":\"https:\/\/www.atelierbynan.be\/nl\/produit\/hondenleiband\/\",\"name\":\"Hondenleiband - 38 \u20ac - Atelier by Nan\",\"isPartOf\":{\"@id\":\"https:\/\/www.atelierbynan.be\/nl\/#website\"},\"primaryImageOfPage\":{\"@id\":\"https:\/\/www.atelierbynan.be\/nl\/produit\/hondenleiband\/#primaryimage\"},\"image\":{\"@id\":\"https:\/\/www.atelierbynan.be\/nl\/produit\/hondenleiband\/#primaryimage\"},\"thumbnailUrl\":\"https:\/\/www.atelierbynan.be\/wp-content\/uploads\/2026\/04\/img_4923-scaled.jpeg\",\"datePublished\":\"2026-04-05T10:38:52+00:00\",\"description\":\"Vous \u00eates \u00e0 la recherche d'un cadeau id\u00e9al ? Hondenleiband de Atelier by Nan est la solution id\u00e9ale. Cliquez ici pour en savoir plus.\",\"breadcrumb\":{\"@id\":\"https:\/\/www.atelierbynan.be\/nl\/produit\/hondenleiband\/#breadcrumb\"},\"inLanguage\":\"nl-NL\",\"potentialAction\":[{\"@type\":\"ReadAction\",\"target\":[\"https:\/\/www.atelierbynan.be\/nl\/produit\/hondenleiband\/\"]}]},{\"@type\":\"ImageObject\",\"inLanguage\":\"nl-NL\",\"@id\":\"https:\/\/www.atelierbynan.be\/nl\/produit\/hondenleiband\/#primaryimage\",\"url\":\"https:\/\/www.atelierbynan.be\/wp-content\/uploads\/2026\/04\/img_4923-scaled.jpeg\",\"contentUrl\":\"https:\/\/www.atelierbynan.be\/wp-content\/uploads\/2026\/04\/img_4923-scaled.jpeg\",\"width\":2560,\"height\":2560},{\"@type\":\"BreadcrumbList\",\"@id\":\"https:\/\/www.atelierbynan.be\/nl\/produit\/hondenleiband\/#breadcrumb\",\"itemListElement\":[{\"@type\":\"ListItem\",\"position\":1,\"name\":\"Accueil\",\"item\":\"https:\/\/www.atelierbynan.be\/nl\/home-2\/\"},{\"@type\":\"ListItem\",\"position\":2,\"name\":\"Mijn Winkel\",\"item\":\"https:\/\/www.atelierbynan.be\/nl\/mijn-winkel\/\"},{\"@type\":\"ListItem\",\"position\":3,\"name\":\"Hondenleiband\"}]},{\"@type\":\"WebSite\",\"@id\":\"https:\/\/www.atelierbynan.be\/nl\/#website\",\"url\":\"https:\/\/www.atelierbynan.be\/nl\/\",\"name\":\"Atelier by Nan\",\"description\":\"\",\"publisher\":{\"@id\":\"https:\/\/www.atelierbynan.be\/nl\/#organization\"},\"potentialAction\":[{\"@type\":\"SearchAction\",\"target\":{\"@type\":\"EntryPoint\",\"urlTemplate\":\"https:\/\/www.atelierbynan.be\/nl\/?s={search_term_string}\"},\"query-input\":{\"@type\":\"PropertyValueSpecification\",\"valueRequired\":true,\"valueName\":\"search_term_string\"}}],\"inLanguage\":\"nl-NL\"},{\"@type\":\"Organization\",\"@id\":\"https:\/\/www.atelierbynan.be\/nl\/#organization\",\"name\":\"Atelier by Nan\",\"url\":\"https:\/\/www.atelierbynan.be\/nl\/\",\"logo\":{\"@type\":\"ImageObject\",\"inLanguage\":\"nl-NL\",\"@id\":\"https:\/\/www.atelierbynan.be\/nl\/#\/schema\/logo\/image\/\",\"url\":\"https:\/\/www.atelierbynan.be\/wp-content\/uploads\/2022\/09\/C3BDD808-9CEE-4F35-8FEA-D4A82DF362F7.jpg\",\"contentUrl\":\"https:\/\/www.atelierbynan.be\/wp-content\/uploads\/2022\/09\/C3BDD808-9CEE-4F35-8FEA-D4A82DF362F7.jpg\",\"width\":2048,\"height\":2048,\"caption\":\"Atelier by Nan\"},\"image\":{\"@id\":\"https:\/\/www.atelierbynan.be\/nl\/#\/schema\/logo\/image\/\"},\"sameAs\":[\"https:\/\/www.facebook.com\/profile.php?id=100086222312137\"]}]}<\/script>\n<!-- \/ Yoast SEO plugin. -->","yoast_head_json":{"title":"Hondenleiband - 38 \u20ac - Atelier by Nan","description":"Vous \u00eates \u00e0 la recherche d'un cadeau id\u00e9al ? Hondenleiband de Atelier by Nan est la solution id\u00e9ale. Cliquez ici pour en savoir plus.","robots":{"index":"index","follow":"follow","max-snippet":"max-snippet:-1","max-image-preview":"max-image-preview:large","max-video-preview":"max-video-preview:-1"},"canonical":"https:\/\/www.atelierbynan.be\/nl\/produit\/hondenleiband\/","og_locale":"nl_NL","og_type":"article","og_title":"Hondenleiband - 38 \u20ac - Atelier by Nan","og_description":"Vous \u00eates \u00e0 la recherche d'un cadeau id\u00e9al ? Hondenleiband de Atelier by Nan est la solution id\u00e9ale. Cliquez ici pour en savoir plus.","og_url":"https:\/\/www.atelierbynan.be\/nl\/produit\/hondenleiband\/","og_site_name":"Atelier by Nan","article_publisher":"https:\/\/www.facebook.com\/profile.php?id=100086222312137","og_image":[{"width":2560,"height":2560,"url":"https:\/\/www.atelierbynan.be\/wp-content\/uploads\/2026\/04\/img_4923-scaled.jpeg","type":"image\/jpeg"}],"twitter_card":"summary_large_image","twitter_misc":{"Geschatte leestijd":"1 minuut"},"schema":{"@context":"https:\/\/schema.org","@graph":[{"@type":"WebPage","@id":"https:\/\/www.atelierbynan.be\/nl\/produit\/hondenleiband\/","url":"https:\/\/www.atelierbynan.be\/nl\/produit\/hondenleiband\/","name":"Hondenleiband - 38 \u20ac - Atelier by Nan","isPartOf":{"@id":"https:\/\/www.atelierbynan.be\/nl\/#website"},"primaryImageOfPage":{"@id":"https:\/\/www.atelierbynan.be\/nl\/produit\/hondenleiband\/#primaryimage"},"image":{"@id":"https:\/\/www.atelierbynan.be\/nl\/produit\/hondenleiband\/#primaryimage"},"thumbnailUrl":"https:\/\/www.atelierbynan.be\/wp-content\/uploads\/2026\/04\/img_4923-scaled.jpeg","datePublished":"2026-04-05T10:38:52+00:00","description":"Vous \u00eates \u00e0 la recherche d'un cadeau id\u00e9al ? Hondenleiband de Atelier by Nan est la solution id\u00e9ale. Cliquez ici pour en savoir plus.","breadcrumb":{"@id":"https:\/\/www.atelierbynan.be\/nl\/produit\/hondenleiband\/#breadcrumb"},"inLanguage":"nl-NL","potentialAction":[{"@type":"ReadAction","target":["https:\/\/www.atelierbynan.be\/nl\/produit\/hondenleiband\/"]}]},{"@type":"ImageObject","inLanguage":"nl-NL","@id":"https:\/\/www.atelierbynan.be\/nl\/produit\/hondenleiband\/#primaryimage","url":"https:\/\/www.atelierbynan.be\/wp-content\/uploads\/2026\/04\/img_4923-scaled.jpeg","contentUrl":"https:\/\/www.atelierbynan.be\/wp-content\/uploads\/2026\/04\/img_4923-scaled.jpeg","width":2560,"height":2560},{"@type":"BreadcrumbList","@id":"https:\/\/www.atelierbynan.be\/nl\/produit\/hondenleiband\/#breadcrumb","itemListElement":[{"@type":"ListItem","position":1,"name":"Accueil","item":"https:\/\/www.atelierbynan.be\/nl\/home-2\/"},{"@type":"ListItem","position":2,"name":"Mijn Winkel","item":"https:\/\/www.atelierbynan.be\/nl\/mijn-winkel\/"},{"@type":"ListItem","position":3,"name":"Hondenleiband"}]},{"@type":"WebSite","@id":"https:\/\/www.atelierbynan.be\/nl\/#website","url":"https:\/\/www.atelierbynan.be\/nl\/","name":"Atelier by Nan","description":"","publisher":{"@id":"https:\/\/www.atelierbynan.be\/nl\/#organization"},"potentialAction":[{"@type":"SearchAction","target":{"@type":"EntryPoint","urlTemplate":"https:\/\/www.atelierbynan.be\/nl\/?s={search_term_string}"},"query-input":{"@type":"PropertyValueSpecification","valueRequired":true,"valueName":"search_term_string"}}],"inLanguage":"nl-NL"},{"@type":"Organization","@id":"https:\/\/www.atelierbynan.be\/nl\/#organization","name":"Atelier by Nan","url":"https:\/\/www.atelierbynan.be\/nl\/","logo":{"@type":"ImageObject","inLanguage":"nl-NL","@id":"https:\/\/www.atelierbynan.be\/nl\/#\/schema\/logo\/image\/","url":"https:\/\/www.atelierbynan.be\/wp-content\/uploads\/2022\/09\/C3BDD808-9CEE-4F35-8FEA-D4A82DF362F7.jpg","contentUrl":"https:\/\/www.atelierbynan.be\/wp-content\/uploads\/2022\/09\/C3BDD808-9CEE-4F35-8FEA-D4A82DF362F7.jpg","width":2048,"height":2048,"caption":"Atelier by Nan"},"image":{"@id":"https:\/\/www.atelierbynan.be\/nl\/#\/schema\/logo\/image\/"},"sameAs":["https:\/\/www.facebook.com\/profile.php?id=100086222312137"]}]}},"tiered_pricing_type":"fixed","tiered_pricing_fixed_rules":[],"tiered_pricing_product_settings":{"layout":"default","base_unit_name":{"singular":null,"plural":null},"default_variation":null},"tiered_pricing_minimum_quantity":null,"tiered_pricing_roles_data":[],"tiered_pricing_percentage_rules":[],"_links":{"self":[{"href":"https:\/\/www.atelierbynan.be\/nl\/wp-json\/wp\/v2\/product\/3839","targetHints":{"allow":["GET"]}}],"collection":[{"href":"https:\/\/www.atelierbynan.be\/nl\/wp-json\/wp\/v2\/product"}],"about":[{"href":"https:\/\/www.atelierbynan.be\/nl\/wp-json\/wp\/v2\/types\/product"}],"wp:featuredmedia":[{"embeddable":true,"href":"https:\/\/www.atelierbynan.be\/nl\/wp-json\/wp\/v2\/media\/3847"}],"wp:attachment":[{"href":"https:\/\/www.atelierbynan.be\/nl\/wp-json\/wp\/v2\/media?parent=3839"}],"wp:term":[{"taxonomy":"product_brand","embeddable":true,"href":"https:\/\/www.atelierbynan.be\/nl\/wp-json\/wp\/v2\/product_brand?post=3839"},{"taxonomy":"product_cat","embeddable":true,"href":"https:\/\/www.atelierbynan.be\/nl\/wp-json\/wp\/v2\/product_cat?post=3839"},{"taxonomy":"product_tag","embeddable":true,"href":"https:\/\/www.atelierbynan.be\/nl\/wp-json\/wp\/v2\/product_tag?post=3839"}],"curies":[{"name":"wp","href":"https:\/\/api.w.org\/{rel}","templated":true}]}}